{"id":8746,"date":"2025-10-09T09:01:24","date_gmt":"2025-10-09T09:01:24","guid":{"rendered":"https:\/\/reyesproperty.es\/?page_id=8746"},"modified":"2025-10-21T08:38:08","modified_gmt":"2025-10-21T08:38:08","slug":"declaracion-de-accesibilidad","status":"publish","type":"page","link":"https:\/\/reyesproperty.es\/es\/declaracion-de-accesibilidad\/","title":{"rendered":"Declaraci\u00f3n de accesibilidad"},"content":{"rendered":"<div class=\"wpb-content-wrapper\"><p>[vc_row][vc_column][vc_empty_space height=\u00bb50px\u00bb][vc_column_text css=\u00bb\u00bb]En <strong>REYES PROPERTY, S.L.<\/strong> estamos comprometidos con hacer nuestro sitio web accesible en la medida que nuestras posibilidades nos lo permite (por lo menos en este apartado de TRANSPARENCIA), de acuerdo con el <a href=\"https:\/\/www.boe.es\/diario_boe\/txt.php?id=BOE-A-2018-12699\">Real Decreto 1112\/2018, de 7 de septiembre<\/a>, sobre accesibilidad de los sitios web y aplicaciones para dispositivos m\u00f3viles en el sector.<\/p>\n<p>Si tiene alguna incidencia relacionada con la accesibilidad de nuestra web o nuestro portal de transparencia, no dude en ponerse en contacto con nosotros en nuestro formulario de contacto o en nuestro mail:<\/p>\n<p><a href=\"mailto:info@reyesr.es\">info@reyesr.es<\/a><\/p>\n<p>En el caso de que dicha solicitud o queja fuera desestimada, no se estuviera de acuerdo con la decisi\u00f3n adoptada, o la respuesta no cumpliera los requisitos contemplados en el art\u00edculo 12.5, podr\u00e1 iniciar una reclamaci\u00f3n para conocer y oponerse a los motivos de la desestimaci\u00f3n, instar la adopci\u00f3n de las medidas oportunas en el caso de no estar de acuerdo con la decisi\u00f3n adoptada, o exponer las razones por las que se considera que la respuesta no cumple con los requisitos exigidos.<\/p>\n<p class=\"parrafo\">Igualmente se podr\u00e1 iniciar una reclamaci\u00f3n en el caso de que haya trascurrido el plazo de veinte d\u00edas h\u00e1biles sin haber obtenido respuesta.<\/p>\n<p class=\"parrafo\">Dicha reclamaci\u00f3n deber\u00e1 ser presentada y registrada conforme a los requisitos establecidos en la Ley 39\/2015, de 1 de octubre, dirigida a <strong>REYES PROPERTY, S.L.<\/strong><\/p>\n<p class=\"parrafo\">Una vez recibida la reclamaci\u00f3n ser\u00e1 respondida en el plazo m\u00e1ximo de dos meses, que podr\u00e1 ser suspendido en el caso de que deba requerirse a la persona interesada para que, en un plazo de diez d\u00edas h\u00e1biles, formule las aclaraciones necesarias para la correcta tramitaci\u00f3n de la reclamaci\u00f3n. Transcurrido dicho plazo sin que la persona interesada haya realizado las aclaraciones oportunas, se continuar\u00e1 con la tramitaci\u00f3n de la reclamaci\u00f3n.<\/p>\n<p class=\"parrafo\">Transcurrido el plazo m\u00e1ximo para resolver la reclamaci\u00f3n sin que se haya notificado la resoluci\u00f3n de la misma, se entender\u00e1 que la reclamaci\u00f3n ha sido desestimada.<\/p>\n<p><strong>SOBRE LA ACCESIBILIDAD<\/strong><\/p>\n<p>En virtud de lo establecido en el Real Decreto 1112\/2018, de 7 de septiembre, sobre accesibilidad de los sitios web y aplicaciones para dispositivos m\u00f3viles del sector p\u00fablico, se entiende por accesibilidad el conjunto de principios y t\u00e9cnicas que se deben respetar al dise\u00f1ar, construir, mantener y actualizar los sitios web y las aplicaciones para dispositivos m\u00f3viles para garantizar la igualdad y la no discriminaci\u00f3n en el acceso de las personas usuarias, en particular de las personas con discapacidad y de las personas mayores.<\/p>\n<p><strong>ACCESIBILIDAD DE LA WEB<\/strong><\/p>\n<p>Facilita el acceso de las personas, sea cuales sea su condici\u00f3n.<\/p>\n<p>Permite el acceso con diferentes navegadores y dispositivos.<\/p>\n<p>Incluye contenidos claros y estructurados adecuadamente.<\/p>\n<p>Mejora la navegaci\u00f3n y la experiencia del usuario.<\/p>\n<p><strong>DISE\u00d1O<\/strong><\/p>\n<p>En cuanto al dise\u00f1o de nuestra web hemos intentado separar el contenido mediante diferentes elementos de dise\u00f1o y hojas de estilo.<\/p>\n<p>De la misma manera se ha intentado estructurar el contenido y etiquetarlo de manera correcta, huyendo de tablas en la maquetaci\u00f3n de cada una de las p\u00e1ginas y haciendo un dise\u00f1o responsable, adaptable a cualquier dispositivo y resoluci\u00f3n de pantalla.<\/p>\n<p>Igualmente se ha intentado evitar combinaciones de poco contraste, as\u00ed como el uso de Javascript y transmitir informaci\u00f3n a trav\u00e9s del color \u00fanicamente.<\/p>\n<p><strong>ENLACES<\/strong><\/p>\n<p>El enlace al men\u00fa de transparencia se sit\u00faa en el el men\u00fa superior de la cabecera.<\/p>\n<p>En el pie de p\u00e1gina se presentan los enlaces a los avisos legales, de protecci\u00f3n de datos (aviso legal, pol\u00edtica de privacidad y pol\u00edtica de cookies, as\u00ed como esta misma declaraci\u00f3n y los t\u00e9rminos de uso)<\/p>\n<p>En la barra inferior de todas las p\u00e1ginas se incluye el aviso legal que afecta de forma directa a los contenidos publicados.<\/p>\n<p><strong>SITUACI\u00d3N DE CUMPLIMIENTO<\/strong><\/p>\n<p>Este sitio web es parcialmente conforme con el Real Decreto 1112\/2018, de 7 de septiembre, debido a las excepciones y la falta de conformidad de los aspectos que se indican a continuaci\u00f3n.<\/p>\n<p>A pesar de que <strong>REYES PROPERTY, S.L.<\/strong> est\u00e1 comprometida con la accesibilidad, somos conscientes de nuestras limitaciones (al tratarse de una p\u00e1gina web muy antigua y realizada con medios propios ya hace tiempo) y trabajamos continuamente en seguir mejorando en reducir esas diversas barreras de accesibilidad que puedan seguir existiendo, entre ellos:<\/p>\n<p>Enlaces que pueden llevarle a sitios externos a esta web, documentos pdf o de ofim\u00e1tica, contenido multimedia<\/p>\n<p>Por otra parte, nos comprometemos a mejorar la accesibilidad de nuestra web en las futuras actualizaciones que hagamos.<\/p>\n<p>En la presente p\u00e1gina de transparencia, destinada al portal de transparencia de la entidad, se ha optado por instalar una aplicaci\u00f3n para que se pueda configurar de manera manual la accesibilidad a la propia web, pudi\u00e9ndose ampliar el tama\u00f1o de la letra, realizar mayor contraste, indicar los enlaces.<\/p>\n<p>Para ello, \u00fanicamente deber\u00e1 pulsar el icono cuadrado negro con una figura humana blanca situado en la parte superior derecha de la pantalla.<\/p>\n<p><strong>CONFIGURACI\u00d3N NAVEGADORES<\/strong><\/p>\n<p>A continuaci\u00f3n, se indica c\u00f3mo acceder a las configuraciones de los diferentes navegadores:<\/p>\n<table width=\"100%\">\n<thead>\n<tr>\n<td width=\"125\">Navegador<\/td>\n<td width=\"540\">Acci\u00f3n a realizar<\/td>\n<\/tr>\n<\/thead>\n<tbody>\n<tr>\n<td width=\"125\">Explorer<\/td>\n<td width=\"540\">Herramientas &gt; Opciones de internet &gt; Bot\u00f3n<br \/>\n\u00abAccesibilidad\u00bb de la pesta\u00f1a \u00abGeneral\u00bb &gt; Activar alguna de les<br \/>\ncasillas de \u00abOmitir\u2026 \u00bb y posteriormente a la pesta\u00f1a \u00abGeneral\u00bb<br \/>\npersonalizar<\/td>\n<\/tr>\n<tr>\n<td width=\"125\">Firefox<\/td>\n<td width=\"540\">Herramientas &gt; Opciones &gt; Contenido<\/td>\n<\/tr>\n<tr>\n<td width=\"125\">Chrome<\/td>\n<td width=\"540\">Configuraci\u00f3n &gt; Enlace \u00abMostrar opciones avanzadas\u00bb &gt;<br \/>\nSecci\u00f3n \u00abContenido web\u00bb &gt; Bot\u00f3n \u00abPersonalizar fuentes\u2026 \u00ab<\/td>\n<\/tr>\n<tr>\n<td width=\"125\">Safari<\/td>\n<td width=\"540\">Preferencias &gt; pesta\u00f1a \u00abAvanzado\u00bb<\/td>\n<\/tr>\n<tr>\n<td width=\"125\">Opera<\/td>\n<td width=\"540\">Configuraci\u00f3n &gt; Opciones &gt; Pesta\u00f1a \u00abP\u00e1gines web\u00bb<\/td>\n<\/tr>\n<\/tbody>\n<\/table>\n<p>&nbsp;<\/p>\n<p><strong>CONFIGURACI\u00d3N DE CONTRASTE ALTO<\/strong><\/p>\n<p>Para configurar el ordenador en contraste alto se deber\u00e1 seguir, seg\u00fan su sistema operativo, las siguientes combinaciones:<\/p>\n<ul>\n<li>En Windows, con la combinaci\u00f3n de teclas Shift o May\u00fascula + Alt + tecla de imprimir pantalla o vais al Tabl\u00f3n de control, de all\u00ed vais al Centro de actividad y configurad contraste alto.<\/li>\n<li>En OS para Mac, id a Accesibilidad y en la secci\u00f3n \u00abPantalla\u00bb activad la casilla \u00abInvertir colores\u00bb.<\/li>\n<li>En Linux Gnome, id a Sistemes, de all\u00ed a Preferencias y posteriormente a Apariencia, seleccionando algunos de los temas de contraste alto.<\/li>\n<\/ul>\n<p>Adem\u00e1s hemos a\u00f1adido al portal de transparencia una utilidad que, de una manera flexible, mejora la accesibilidad del portal. Para ello se debe pinchar en el icono negro con la figura humana blanca situada en el lateral superior izquierdo.<\/p>\n<p><strong>CONFIGURACI\u00d3N DEL TAMA\u00d1O DEL TEXTO<\/strong><\/p>\n<p>El dise\u00f1o accesible de este sitio Web permite que el usuario pueda elegir el tama\u00f1o del texto que le convenga. Esta acci\u00f3n puede llevarse a cabo de diferentes maneras seg\u00fan el navegador que se utilice o puede utilizar directamente los controles A+ y a- proporcionados en las p\u00e1ginas detalle.<\/p>\n<table width=\"100%\">\n<thead>\n<tr>\n<td width=\"78\">Navegador<\/td>\n<td width=\"587\">Acci\u00f3n a realizar<\/td>\n<\/tr>\n<\/thead>\n<tbody>\n<tr>\n<td width=\"78\">Explorer<\/td>\n<td width=\"587\">Ver &gt; Tama\u00f1o del texto<\/td>\n<\/tr>\n<tr>\n<td width=\"78\">Firefox<\/td>\n<td width=\"587\">Ver &gt; Tama\u00f1o<\/td>\n<\/tr>\n<tr>\n<td width=\"78\">Chrome<\/td>\n<td width=\"587\">Icono llave inglesa &gt; Opciones &gt; Avanzada &gt;<br \/>\nContenido web &gt; Tama\u00f1o fuente<\/td>\n<\/tr>\n<tr>\n<td width=\"78\">Safari<\/td>\n<td width=\"587\">Visualizaci\u00f3n &gt; ampliar\/reducir<\/td>\n<\/tr>\n<tr>\n<td width=\"78\">Opera<\/td>\n<td width=\"587\">Ver &gt; escala<\/td>\n<\/tr>\n<\/tbody>\n<\/table>\n<p>&nbsp;<\/p>\n<p>En la mayor\u00eda de los navegadores se puede modificar el tama\u00f1o del texto con las teclas CTRL + y \u2013 (para aumentar o disminuir).<\/p>\n<p>De las misma manera, y tal y como se apuntaba en puntos anteriores, hemos a\u00f1adido al portal de transparencia una utilidad que, de una manera flexible, mejora la accesibilidad del portal. Para ello se debe pinchar en el icono negro con la figura humana blanca situada en el lateral superior izquierdo.<\/p>\n<p><strong>CONTENIDO OPCIONAL<\/strong><\/p>\n<p>Este sitio web aplica los requisitos de la Norma <a href=\"https:\/\/administracionelectronica.gob.es\/PAe\/accesibilidad\/une-en-301549-2019.pdf\">UNE-EN 301549:2019<\/a> considerando las excepciones del RD 1112\/2018, de 7 de septiembre, sobre accesibilidad de los sitios web y aplicaciones para dispositivos m\u00f3viles del sector p\u00fablico.<\/p>\n<p>El sitio web est\u00e1 dise\u00f1ado para su visualizaci\u00f3n Responsive, de manera que se visualiza de forma \u00f3ptima en los dispositivos tablet y m\u00f3viles.<\/p>\n<p>\u00daltima actualizaci\u00f3n: <strong> 10 de mayo de 2024<\/strong>[\/vc_column_text][vc_empty_space height=\u00bb50px\u00bb][\/vc_column][\/vc_row]<\/p>\n<\/div>","protected":false},"excerpt":{"rendered":"<p>[vc_row][vc_column][vc_empty_space height=\u00bb50px\u00bb][vc_column_text css=\u00bb\u00bb]En REYES PROPERTY, S.L. estamos comprometidos con hacer nuestro sitio web accesible en la medida que nuestras posibilidades&#8230;<\/p>\n","protected":false},"author":1,"featured_media":8586,"parent":0,"menu_order":0,"comment_status":"closed","ping_status":"closed","template":"","meta":{"_acf_changed":false,"footnotes":""},"class_list":["post-8746","page","type-page","status-publish","has-post-thumbnail"],"acf":[],"_links":{"self":[{"href":"https:\/\/reyesproperty.es\/es\/wp-json\/wp\/v2\/pages\/8746","targetHints":{"allow":["GET"]}}],"collection":[{"href":"https:\/\/reyesproperty.es\/es\/wp-json\/wp\/v2\/pages"}],"about":[{"href":"https:\/\/reyesproperty.es\/es\/wp-json\/wp\/v2\/types\/page"}],"author":[{"embeddable":true,"href":"https:\/\/reyesproperty.es\/es\/wp-json\/wp\/v2\/users\/1"}],"replies":[{"embeddable":true,"href":"https:\/\/reyesproperty.es\/es\/wp-json\/wp\/v2\/comments?post=8746"}],"version-history":[{"count":3,"href":"https:\/\/reyesproperty.es\/es\/wp-json\/wp\/v2\/pages\/8746\/revisions"}],"predecessor-version":[{"id":9632,"href":"https:\/\/reyesproperty.es\/es\/wp-json\/wp\/v2\/pages\/8746\/revisions\/9632"}],"wp:featuredmedia":[{"embeddable":true,"href":"https:\/\/reyesproperty.es\/es\/wp-json\/wp\/v2\/media\/8586"}],"wp:attachment":[{"href":"https:\/\/reyesproperty.es\/es\/wp-json\/wp\/v2\/media?parent=8746"}],"curies":[{"name":"wp","href":"https:\/\/api.w.org\/{rel}","templated":true}]}}