{"id":8869,"date":"2025-10-09T10:33:46","date_gmt":"2025-10-09T10:33:46","guid":{"rendered":"https:\/\/reyesproperty.es\/tenerife\/"},"modified":"2025-10-21T11:33:44","modified_gmt":"2025-10-21T11:33:44","slug":"tenerife","status":"publish","type":"page","link":"https:\/\/reyesproperty.es\/es\/tenerife\/","title":{"rendered":"Tenerife"},"content":{"rendered":"<div class=\"wpb-content-wrapper\"><p>[vc_row content_placement=\u00bbtop\u00bb][vc_column]<div class=\"clearboth\"><\/div><style>#thegem-divider-69d0c46a25c90 {margin-top: 100px !important;}<\/style><div id=\"thegem-divider-69d0c46a25c90\" class=\"gem-divider  \" style=\"\" ><\/div>[\/vc_column][vc_column offset=\u00bbvc_col-lg-6 vc_col-md-6&#8243; css=\u00bb.vc_custom_1590571662912{margin-right: 15px !important;}\u00bb][vc_column_text css=\u00bb.vc_custom_1761045581942{margin-top: -8px !important;}\u00bb]<\/p>\n<h3>La isla de la eterna primavera<\/h3>\n<p>[\/vc_column_text][vc_column_text css=\u00bb\u00bb]Tenerife es la isla m\u00e1s grande de las Islas Canarias y el \u00fanico que tiene dos aeropuertos internacionales, lo que significa que no es m\u00e1s que entre dos y cuatro horas de vuelo desde la peninsula espa\u00f1ola y el resto de Europa. Las Islas Canarias est\u00e1n compuestas por siete islas ubicadas en el Oc\u00e9ano Atl\u00e1ntico, donde el sol brilla todo el a\u00f1o. Las temperaturas son muy suaves, dependiendo de d\u00f3nde se encuentre, y con una temperatura promedio de 19\u00ba C en invierno y 23\u00ba C en verano.<\/p>\n<p>Ya sea que est\u00e9 buscando paz y tranquilidad o comodidad total, Tenerif le garantizar\u00e1 una experiencia revitalizante.<\/p>\n<p>Durante el a\u00f1o hay muchas cosas que hacer que van desde el golf en algunos de los mejores campos que encontrar\u00e1s en cualquier lugar hasta uno de los carnavales m\u00e1s aut\u00e9nticos en cualquier lugar, al igual que el famoso carnaval brasile\u00f1o.[\/vc_column_text][\/vc_column][vc_column thegem_content_alignment=\u00bbcenter\u00bb offset=\u00bbvc_col-lg-6 vc_col-md-6&#8243;]<div class=\"gem-image gem-wrapbox gem-wrapbox-style-default gem-wrapbox-position-below  thegem-custom-69d0c46a25cca2481\"  style=\"\" ><div class=\"gem-wrapbox-inner \" ><img class=\"gem-wrapbox-element img-responsive\" src=\"https:\/\/reyesproperty.es\/wp-content\/uploads\/2025\/10\/estrellas.jpg\" alt=\"\"\/><\/div><\/div>[\/vc_column][vc_column]<div class=\"clearboth\"><\/div><style>#thegem-divider-69d0c46a25e4b {margin-top: 60px !important;}<\/style><div id=\"thegem-divider-69d0c46a25e4b\" class=\"gem-divider  \" style=\"\" ><\/div>[\/vc_column][\/vc_row][vc_row gap=\u00bb15&#8243; equal_height=\u00bbyes\u00bb content_placement=\u00bbtop\u00bb custom_css_code=\u00bbLndwYi1qcy1jb21wb3NlciUyMCU0MGlkJTIwLnZjX3R0YS52Y19nZW5lcmFsLnZjX3R0YS1hY2NvcmRpb24udmNfdHRhLXN0eWxlLXNpbXBsZV9zb2xpZCUyMC52Y190dGEtcGFuZWwlMkIudmNfdHRhLXBhbmVsJTIwJTdCJTBBJTIwJTIwJTIwJTIwYm9yZGVyLXRvcCUzQSUyMDFweCUyMHNvbGlkJTIwJTIzZGZlNWU4JTNCJTBBJTdE\u00bb][vc_column width=\u00bb1\/3&#8243; thegem_content_alignment=\u00bbcenter\u00bb]<div class=\"gem-image gem-wrapbox gem-wrapbox-style-default gem-wrapbox-position-below  thegem-custom-69d0c46a25e718525\"  style=\"\" ><div class=\"gem-wrapbox-inner \" ><img class=\"gem-wrapbox-element img-responsive\" src=\"https:\/\/reyesproperty.es\/wp-content\/uploads\/2025\/10\/abama-golf.jpg\" alt=\"\"\/><\/div><\/div>[\/vc_column][vc_column width=\u00bb1\/3&#8243; thegem_content_alignment=\u00bbcenter\u00bb]<div class=\"gem-image gem-wrapbox gem-wrapbox-style-default gem-wrapbox-position-below  thegem-custom-69d0c46a25fc12622\"  style=\"\" ><div class=\"gem-wrapbox-inner \" ><img class=\"gem-wrapbox-element img-responsive\" src=\"https:\/\/reyesproperty.es\/wp-content\/uploads\/2025\/10\/costa-sur.jpg\" alt=\"\"\/><\/div><\/div>[\/vc_column][vc_column width=\u00bb1\/3&#8243; thegem_content_alignment=\u00bbcenter\u00bb]<div class=\"gem-image gem-wrapbox gem-wrapbox-style-default gem-wrapbox-position-below  thegem-custom-69d0c46a260ff574\"  style=\"\" ><div class=\"gem-wrapbox-inner \" ><img class=\"gem-wrapbox-element img-responsive\" src=\"https:\/\/reyesproperty.es\/wp-content\/uploads\/2025\/10\/5-scaled.jpg\" alt=\"\"\/><\/div><\/div>[\/vc_column][\/vc_row][vc_row full_width=\u00bbstretch_row_content_no_spaces\u00bb css=\u00bb.vc_custom_1759400608689{margin-top: 0px !important;margin-bottom: 0px !important;background-color: #FFFFFF00 !important;}\u00bb][vc_column][vc_empty_space height=\u00bb50px\u00bb][\/vc_column][\/vc_row]<\/p>\n<\/div>","protected":false},"excerpt":{"rendered":"<p>[vc_row content_placement=\u00bbtop\u00bb][vc_column][\/vc_column][vc_column offset=\u00bbvc_col-lg-6 vc_col-md-6&#8243; css=\u00bb.vc_custom_1590571662912{margin-right: 15px !important;}\u00bb][vc_column_text css=\u00bb.vc_custom_1761045581942{margin-top: -8px !important;}\u00bb] La isla de la eterna primavera [\/vc_column_text][vc_column_text css=\u00bb\u00bb]Tenerife es la&#8230;<\/p>\n","protected":false},"author":1,"featured_media":8668,"parent":0,"menu_order":0,"comment_status":"closed","ping_status":"closed","template":"","meta":{"_acf_changed":false,"footnotes":""},"class_list":["post-8869","page","type-page","status-publish","has-post-thumbnail"],"acf":[],"_links":{"self":[{"href":"https:\/\/reyesproperty.es\/es\/wp-json\/wp\/v2\/pages\/8869","targetHints":{"allow":["GET"]}}],"collection":[{"href":"https:\/\/reyesproperty.es\/es\/wp-json\/wp\/v2\/pages"}],"about":[{"href":"https:\/\/reyesproperty.es\/es\/wp-json\/wp\/v2\/types\/page"}],"author":[{"embeddable":true,"href":"https:\/\/reyesproperty.es\/es\/wp-json\/wp\/v2\/users\/1"}],"replies":[{"embeddable":true,"href":"https:\/\/reyesproperty.es\/es\/wp-json\/wp\/v2\/comments?post=8869"}],"version-history":[{"count":6,"href":"https:\/\/reyesproperty.es\/es\/wp-json\/wp\/v2\/pages\/8869\/revisions"}],"predecessor-version":[{"id":9667,"href":"https:\/\/reyesproperty.es\/es\/wp-json\/wp\/v2\/pages\/8869\/revisions\/9667"}],"wp:featuredmedia":[{"embeddable":true,"href":"https:\/\/reyesproperty.es\/es\/wp-json\/wp\/v2\/media\/8668"}],"wp:attachment":[{"href":"https:\/\/reyesproperty.es\/es\/wp-json\/wp\/v2\/media?parent=8869"}],"curies":[{"name":"wp","href":"https:\/\/api.w.org\/{rel}","templated":true}]}}