{"id":8893,"date":"2025-10-09T11:20:54","date_gmt":"2025-10-09T11:20:54","guid":{"rendered":"https:\/\/reyesproperty.es\/?page_id=8893"},"modified":"2025-10-20T11:38:57","modified_gmt":"2025-10-20T11:38:57","slug":"privacy-policy-2","status":"publish","type":"page","link":"https:\/\/reyesproperty.es\/es\/privacy-policy-2\/","title":{"rendered":"Pol\u00edtica de privacidad"},"content":{"rendered":"<div class=\"wpb-content-wrapper\"><p>[vc_row content_placement=\u00bbtop\u00bb][vc_column]<div class=\"clearboth\"><\/div><style>#thegem-divider-69e314be658e3 {margin-top: 100px !important;}<\/style><div id=\"thegem-divider-69e314be658e3\" class=\"gem-divider  \" style=\"\" ><\/div>[vc_column_text css=\u00bb\u00bb]<strong><span class=\"tm11\">INFORMACI\u00d3N B\u00c1SICA DE PROTECCI\u00d3N DE DATOS<\/span><\/strong><\/p>\n<p class=\"clausulascliente tm10\"><strong><span class=\"tm11\">\u00a0<\/span><\/strong><\/p>\n<p>&nbsp;<\/p>\n<table class=\"tm14 tm15 tm16\" border=\"0\" rules=\"all\">\n<tbody class=\"tm17\">\n<tr>\n<td class=\"tm18 tm19 tm20\">\n<p class=\"clausulascliente tm21\"><strong><span class=\"tm11\">Responsable <\/span><\/strong><\/p>\n<\/td>\n<td class=\"tm22 tm19 tm23\">\n<p class=\"clausulascliente tm24\"><span class=\"tm25\">REYES PROPERTY, S.L. + info <\/span><\/p>\n<\/td>\n<\/tr>\n<tr>\n<td class=\"tm18 tm19 tm20\">\n<p class=\"clausulascliente tm21\"><strong><span class=\"tm11\">Finalidad<\/span><\/strong><\/p>\n<\/td>\n<td class=\"tm22 tm19 tm23\">\n<p class=\"clausulascliente tm24\"><span class=\"tm25\">Atender las solicitudes realizadas a trav\u00e9s de la web, gestionar el env\u00edo de informaci\u00f3n + info<\/span><\/p>\n<\/td>\n<\/tr>\n<tr>\n<td class=\"tm18 tm19 tm20\">\n<p class=\"clausulascliente tm21\"><strong><span class=\"tm11\">Legitimaci\u00f3n<\/span><\/strong><\/p>\n<\/td>\n<td class=\"tm22 tm19 tm23\">\n<p class=\"clausulascliente tm24\"><span class=\"tm25\">Consentimiento del interesado y ejecuci\u00f3n de un precontrato\/ contrato + info<\/span><\/p>\n<\/td>\n<\/tr>\n<tr>\n<td class=\"tm18 tm19 tm20\">\n<p class=\"clausulascliente tm21\"><strong><span class=\"tm11\">Destinatarios<\/span><\/strong><\/p>\n<\/td>\n<td class=\"tm22 tm19 tm23\">\n<p class=\"clausulascliente tm24\"><span class=\"tm25\">No se ceder\u00e1n datos a terceros salvo obligaci\u00f3n legal o en el supuesto que sea necesario para atender su solicitud + info<\/span><\/p>\n<\/td>\n<\/tr>\n<tr>\n<td class=\"tm18 tm19 tm20\">\n<p class=\"clausulascliente tm21\"><strong><span class=\"tm11\">Derechos<\/span><\/strong><\/p>\n<\/td>\n<td class=\"tm22 tm19 tm23\">\n<p class=\"clausulascliente tm24\"><span class=\"tm25\">Podr\u00e1 ejercer los derechos de acceso, rectificaci\u00f3n, supresi\u00f3n y oposici\u00f3n, limitaci\u00f3n del tratamiento, portabilidad de datos y a no ser objeto de decisiones individualizadas automatizadas. + info<\/span><\/p>\n<\/td>\n<\/tr>\n<tr>\n<td class=\"tm18 tm19 tm20\">\n<p class=\"clausulascliente tm21\"><strong>Delegado de Protecci\u00f3n de Datos<\/strong><\/p>\n<\/td>\n<td class=\"tm22 tm19 tm23\">\n<p class=\"clausulascliente tm24\">Do\u00f1a Noem\u00ed Rey Y\u00e9benes, en calidad de Administradora \u00fanica, en nombre y representaci\u00f3n de la mercantil AIXA CORPORE, S.L., provista de CIF B38741625, y con domicilio social en Santa Cruz de Tenerife, C\/ El Cristo, 30A, (38108) Las Torres de Taco &#8211; Los Majuelos &#8211; San Crist\u00f3bal de La Laguna.<\/p>\n<\/td>\n<\/tr>\n<tr>\n<td class=\"tm18 tm19 tm20\">\n<p class=\"clausulascliente tm21\"><strong>Correo-e DPO<\/strong><\/p>\n<\/td>\n<td class=\"tm22 tm19 tm23\">\n<p class=\"clausulascliente tm24\">aixa3183@dpocanarias.com<\/p>\n<\/td>\n<\/tr>\n<tr>\n<td class=\"tm18 tm19 tm20\">\n<p class=\"clausulascliente tm21\"><strong><span class=\"tm11\">Informaci\u00f3n adicional<\/span><\/strong><\/p>\n<\/td>\n<td class=\"tm22 tm19 tm23\">\n<p class=\"clausulascliente tm24\"><span class=\"tm25\">Puede consultar la informaci\u00f3n adicional sobre protecci\u00f3n de Datos en nuestra web. + info<\/span><\/p>\n<\/td>\n<\/tr>\n<\/tbody>\n<\/table>\n<p class=\"clausulascliente tm10\"><strong><span class=\"tm11\">\u00a0<\/span><\/strong><\/p>\n<p class=\"clausulascliente tm10\"><span class=\"tm25\">REYES PROPERTY, S.L., en adelante, se compromete a cumplir la legislaci\u00f3n vigente en cada momento en materia de tratamiento de datos de car\u00e1cter personal. Mediante la siguiente pol\u00edtica de privacidad REYES PROPERTY, S.L., de conformidad con los requisitos previstos en el RGPD informa a los usuarios de:<\/span><\/p>\n<p>&nbsp;<\/p>\n<h3 class=\"tm28\"><strong><span class=\"tm13\">1. \u00bfQUI\u00c9N ES EL RESPONSABLE DEL TRATAMIENTO DE SUS DATOS?<\/span><\/strong><\/h3>\n<p class=\"clausulascliente tm21\"><span class=\"tm25\">El responsable del tratamiento de sus datos es REYES PROPERTY, S.L.: <\/span><\/p>\n<table class=\"tm14 tm15 tm16\" border=\"0\" rules=\"all\">\n<tbody class=\"tm29\">\n<tr>\n<td class=\"tm18 tm19 tm30\">\n<p class=\"clausulascliente tm10\"><strong><span class=\"tm11\">Identidad <\/span><\/strong><\/p>\n<\/td>\n<td class=\"tm18 tm19 tm31\">\n<p class=\"clausulascliente tm10\"><span class=\"tm25\">REYES PROPERTY, S.L. &#8211; B76651785<\/span><\/p>\n<\/td>\n<\/tr>\n<tr>\n<td class=\"tm18 tm19 tm30\">\n<p class=\"clausulascliente tm10\"><strong><span class=\"tm11\">Direcci\u00f3n<\/span><\/strong><\/p>\n<\/td>\n<td class=\"tm18 tm19 tm31\">\n<p class=\"clausulascliente tm10\"><span class=\"tm25\">Avenida Virgen De Guadalupe, 21, 38679 &#8211; La Caleta (adeje) (santa Cruz De Tenerife)<\/span><\/p>\n<\/td>\n<\/tr>\n<tr>\n<td class=\"tm18 tm19 tm30\">\n<p class=\"clausulascliente tm10\"><strong><span class=\"tm11\">Tel\u00e9fono<\/span><\/strong><\/p>\n<\/td>\n<td class=\"tm18 tm19 tm31\">\n<p class=\"clausulascliente tm10\"><span class=\"tm25\">626530649<\/span><\/p>\n<\/td>\n<\/tr>\n<tr>\n<td class=\"tm18 tm19 tm30\">\n<p class=\"clausulascliente tm10\"><strong><span class=\"tm11\">Web<\/span><\/strong><\/p>\n<\/td>\n<td class=\"tm18 tm19 tm31\">\n<p class=\"clausulascliente tm10\"><span class=\"tm25\">www.reyesproperty.es<\/span><\/p>\n<\/td>\n<\/tr>\n<tr>\n<td class=\"tm18 tm19 tm30\">\n<p class=\"clausulascliente tm10\"><strong><span class=\"tm11\">Correo-e<\/span><\/strong><\/p>\n<\/td>\n<td class=\"tm18 tm19 tm31\">\n<p class=\"clausulascliente tm10\"><span class=\"tm25\">info@reyesr.es<\/span><\/p>\n<\/td>\n<\/tr>\n<tr>\n<td class=\"tm18 tm19 tm30\">\n<p class=\"clausulascliente tm10\"><strong><span class=\"tm11\">Correo-e DPO <\/span><\/strong><\/p>\n<\/td>\n<td class=\"tm18 tm19 tm31\">\n<p class=\"clausulascliente tm10\"><span class=\"tm25\">aixa3183@dpocanarias.com<\/span><\/p>\n<\/td>\n<\/tr>\n<\/tbody>\n<\/table>\n<p class=\"clausulascliente tm10\"><strong><span class=\"tm11\">\u00a0<\/span><\/strong><\/p>\n<p class=\"clausulascliente tm34\"><span class=\"tm25\">REYES PROPERTY, S.L. informa al usuario que los datos que nos facilite a trav\u00e9s de la navegaci\u00f3n por nuestra web, el formulario de contacto, al realizar comentarios o en el env\u00edo de correos electr\u00f3nicos, van a ser tratados por REYES PROPERTY, S.L. y que dicho tratamiento se encuentra recogido en el Registro de Actividades de tratamiento gestionado por REYES PROPERTY, S.L. conforme a lo establecido en el RGPD.<\/span><\/p>\n<p class=\"clausulascliente tm34\"><strong><span class=\"tm11\">\u00a0<\/span><\/strong><\/p>\n<h3 class=\"tm35\"><strong><span class=\"tm13\">2. \u00bfPARA QU\u00c9 SE UTILIZAN SUS DATOS PERSONALES?<\/span><\/strong><\/h3>\n<p class=\"clausulascliente tm34\"><span class=\"tm25\">En <\/span><span class=\"tm25\">www.reyesproperty.es <\/span><span class=\"tm25\">cuando el usuario acepta nuestra pol\u00edtica de privacidad nos autoriza a utilizar y tratar los datos personales suministrados para:<\/span><\/p>\n<ul>\n<li class=\"clausulascliente tm36\"><span class=\"tm25\">Remitirle la informaci\u00f3n y prestarle el servicio que soliciten mediante los diversos formularios disponibles en nuestra web. <\/span><span class=\"tm37\">\u00a0<\/span><span class=\"tm25\">Facilitarle informaci\u00f3n sobre las ofertas, productos y servicios solicitados. <\/span><\/li>\n<li class=\"clausulascliente tm36\"><span class=\"tm25\">Ocasionalmente, REYES PROPERTY, S.L. podr\u00e1 utilizar sus datos de car\u00e1cter personal para enviarle notificaciones por medio de correo electr\u00f3nico. Dichas notificaciones se har\u00e1n para informar sobre las modificaciones en nuestros servicios o productos o en nuestras pol\u00edticas condiciones legales.<\/span><\/li>\n<li class=\"clausulascliente tm36\"><span class=\"tm25\">Remitirle comunicaciones comerciales sobre ofertas, actividades y promociones de REYES PROPERTY, S.L. y del sector de que pudieran ser de su inter\u00e9s por medios convencionales o electr\u00f3nicos cuando haya marcado la casilla de que desea recibir informaci\u00f3n.<\/span><\/li>\n<\/ul>\n<p class=\"clausulascliente tm34\"><span class=\"tm25\">Google, incluidas todas sus herramientas, cumplen con el marco EU-US Privacy Shield Framework, de conformidad con lo establecido por el Departamento de Comercio de los Estados Unidos en lo que respecta a la recogida, utilizaci\u00f3n y conservaci\u00f3n de la informaci\u00f3n personal de pa\u00edses miembros de la Uni\u00f3n Europea.<\/span><\/p>\n<p class=\"clausulascliente tm34\"><span class=\"tm25\">www.reyesproperty.es <\/span><span class=\"tm25\">procurar\u00e1 en todo momento establecer mecanismos adecuados para obtener el consentimiento del Usuario para la instalaci\u00f3n de cookies que lo requieran. Cuando un usuario accede a nuestra web aparece un pop-up en el que se informa de la existencia de cookies y de que si contin\u00faa navegando por nuestra p\u00e1gina presta su consentimiento para la instalaci\u00f3n de cookies. La aceptaci\u00f3n de la instalaci\u00f3n de las cookies conlleva la aceptaci\u00f3n de la conservaci\u00f3n de la direcci\u00f3n IP en los registros de <\/span><span class=\"tm25\">www.reyesproperty.es<\/span><span class=\"tm25\">, junto con la fecha de aceptaci\u00f3n, por el plazo de un a\u00f1o, con la finalidad de demostrar el consentimiento prestado. Puede obtener m\u00e1s informaci\u00f3n en nuestra <\/span><span class=\"tm25\">\u201cPol\u00edtica de Cookies\u201d<\/span><span class=\"tm25\">.<\/span><\/p>\n<p class=\"clausulascliente tm34\"><span class=\"tm25\">\u00a0<\/span><\/p>\n<h3 class=\"tm35\"><strong><span class=\"tm13\">3. \u00bfCUAL ES LA LEGITIMACI\u00d3N PARA EL TRATAMIENTO DE SUS DATOS? <\/span><\/strong><\/h3>\n<p class=\"clausulascliente tm34\"><span class=\"tm25\">La legitimaci\u00f3n para el tratamiento de sus datos por parte de REYES PROPERTY, S.L. se basa en:<\/span><\/p>\n<ul>\n<li class=\"clausulascliente tm36\"><span class=\"tm25\">En la <\/span><strong><span class=\"tm11\">ejecuci\u00f3n de un precontrato\/contrato<\/span><\/strong><span class=\"tm25\"> para remitirle la informaci\u00f3n y prestarle el servicio solicitado, no siendo posible su realizaci\u00f3n en caso contrario.<\/span><\/li>\n<li class=\"clausulascliente tm36\"><span class=\"tm25\">En el <\/span><strong><span class=\"tm11\">consentimiento del usuario<\/span><\/strong><span class=\"tm25\"> para el env\u00edo de comunicaciones comerciales de las ofertas, actividades y promociones de REYES PROPERTY, S.L. y del sector de que pudieran ser de su inter\u00e9s. El usuario puede revocar en cualquier momento el consentimiento prestado.<\/span><\/li>\n<\/ul>\n<p>&nbsp;<\/p>\n<h3 class=\"tm35\"><strong><span class=\"tm13\">4. \u00bfPOR CU\u00c1NTO TIEMPO CONSERVAMOS SUS DATOS?<\/span><\/strong><\/h3>\n<p class=\"clausulascliente tm34\"><span class=\"tm25\">Los datos para remitirle la informaci\u00f3n o prestarle el servicio que soliciten mediante los diversos formularios disponibles en nuestra web ser\u00e1n conservados durante el tiempo que la relaci\u00f3n contractual se encuentre vigente, y una vez finalizada durante el plazo de prescripci\u00f3n legales.<\/span><\/p>\n<p class=\"clausulascliente tm34\"><span class=\"tm25\">Los datos tratados para el env\u00edo de comunicaciones comerciales sobre ofertas, actividades y promociones de REYES PROPERTY, S.L. y del sector de que pudieran ser de su inter\u00e9s, <\/span><span class=\"tm25\">ser\u00e1n conservados en tanto en cuanto el usuario no revoque el consentimiento prestado.<\/span><\/p>\n<p class=\"Textbody tm38\"><span class=\"tm13\">La direcci\u00f3n IP obtenida a trav\u00e9s de las cookies tendr\u00e1 un plazo de conservaci\u00f3n de un a\u00f1o, con la finalidad de demostrar el consentimiento del usuario. <\/span><\/p>\n<p class=\"clausulascliente tm34\"><span class=\"tm25\">En cuanto al plazo de conservaci\u00f3n de las cookies, puede obtener m\u00e1s informaci\u00f3n en nuestra web en el apartado \u201cPol\u00edtica de cookies\u201d<\/span><\/p>\n<h3 class=\"tm35\"><strong><span class=\"tm13\">5. \u00bfQU\u00c9 TIPO DE DATOS TRATAMOS DE NUESTROS USUARIOS?<\/span><\/strong><\/h3>\n<p class=\"clausulascliente tm34\"><span class=\"tm25\">REYES PROPERTY, S.L. trata las siguientes categor\u00edas de datos:<\/span><\/p>\n<p class=\"ListParagraph tm39\"><strong><span class=\"tm40\">a) <\/span><\/strong><strong><span class=\"tm40\">Datos de los usuarios que rellenan cualquiera de los formularios disponibles: <\/span><\/strong>Los datos personales que REYES PROPERTY, S.L. solicita incluyen:<\/p>\n<ul>\n<li class=\"ListParagraph tm41\"><strong><span class=\"tm40\">Datos identificativos: <\/span><\/strong>nombre y apellidos, tel\u00e9fono, direcci\u00f3n postal y electr\u00f3nica<\/li>\n<li class=\"ListParagraph tm41\"><strong><span class=\"tm40\">Datos relativos a la solicitud<\/span><\/strong><\/li>\n<\/ul>\n<p class=\"ListParagraph tm39\"><strong><span class=\"tm40\">b) Datos de los usuarios que navegan por nuestra web: Datos proporcionados por las cookies y por Google Analytics.<\/span><\/strong><\/p>\n<p class=\"Normal tm44\"><strong><span class=\"tm45\">S\u00f3lo los mayores de 16 a\u00f1os<\/span><\/strong><span class=\"tm13\"> pueden facilitar datos a trav\u00e9s de nuestra web. Si eres menor de esta edad deber\u00e1s contar con el consentimiento de tus padres o tutores legales.<\/span><\/p>\n<p class=\"clausulascliente tm34\"><span class=\"tm25\">El Usuario garantiza la autenticidad y actualidad de todos aquellos datos que comunique a REYES PROPERTY, S.L.<\/span><span class=\"tm25\"> y declara que es mayor de 16 a\u00f1os, <\/span><span class=\"tm25\">y ser\u00e1 el \u00fanico responsable de las manifestaciones falsas o inexactas que realice.<\/span><\/p>\n<p class=\"Normal tm44\"><span class=\"tm13\">Los datos de car\u00e1cter personal tratados por <\/span><span class=\"tm13\">REYES PROPERTY, S.L.<\/span><span class=\"tm13\"> pueden ser obligatorios o voluntarios. <\/span><\/p>\n<p class=\"clausulascliente tm34\"><span class=\"tm25\">La informaci\u00f3n voluntaria es aquella que el usuario no est\u00e1 obligado a facilitar para contactar con nosotros.<\/span><\/p>\n<p class=\"clausulascliente tm34\"><span class=\"tm25\">Los campos marcados con un asterisco (*) o con la palabra (requerido) en nuestros formularios son de cumplimentaci\u00f3n obligatoria, la negativa a suministrarlos supondr\u00e1 la imposibilidad de prestarle el servicio o atender su solicitud. <\/span><\/p>\n<p class=\"clausulascliente tm34\"><span class=\"tm25\">En el caso que nos facilites datos de terceros, manifiestas contar con el consentimiento de los mismos y te comprometes a trasladarle la informaci\u00f3n que te facilitamos en esta cl\u00e1usula, eximiendo a REYES PROPERTY, S.L.<\/span> <span class=\"tm25\">de cualquier tipo de obligaci\u00f3n. No obstante REYES PROPERTY, S.L.<\/span> <span class=\"tm25\">podr\u00e1 llevar a cabo verificaciones para constatar que el tercero ha sido informado adoptando las medidas de diligencia establecidas en la normativa de protecci\u00f3n de datos.<\/span><\/p>\n<p>&nbsp;<\/p>\n<h3 class=\"tm35\"><strong><span class=\"tm13\">6. \u00bfA QU\u00c9 DESTINATARIOS SE COMUNICAR\u00c1N SUS DATOS?<\/span><\/strong><\/h3>\n<p class=\"clausulascliente tm34\"><span class=\"tm25\">No se ceder\u00e1n datos a terceros salvo obligaci\u00f3n legal o en el supuesto que sea necesario para atender su solicitud.<\/span><\/p>\n<p>&nbsp;<\/p>\n<h3 class=\"tm35\"><strong><span class=\"tm13\">7. \u00bfQU\u00c9 DERECHOS LE ASISTEN Y C\u00d3MO PUEDE EJERCITARLOS?<\/span><\/strong><\/h3>\n<p class=\"clausulascliente tm34\"><span class=\"tm25\">El usuario puede ejercer los siguientes derechos ante <\/span><span class=\"tm25\">REYES PROPERTY, S.L.<\/span><span class=\"tm25\">:<\/span><\/p>\n<p class=\"ListParagraph tm39\"><strong><span class=\"tm40\">a) <\/span><\/strong>Acceder a sus datos personales<\/p>\n<p class=\"ListParagraph tm39\"><strong><span class=\"tm40\">b) <\/span><\/strong>Rectificarlos cuando son inexactos o incompletos<\/p>\n<p class=\"ListParagraph tm39\"><strong><span class=\"tm40\">c) <\/span><\/strong>Solicitar la supresi\u00f3n o cancelaci\u00f3n de los datos cuando, entre otros motivos hayan dejado de ser necesarios para los fines para los que fueron recogidos<\/p>\n<p class=\"ListParagraph tm39\"><strong><span class=\"tm40\">d) <\/span><\/strong>Oponerse a su tratamiento<\/p>\n<p class=\"ListParagraph tm39\"><strong><span class=\"tm40\">e) <\/span><\/strong>Pedir la limitaci\u00f3n del tratamiento de sus datos cuando se den alguna de las condiciones previstas en la normativa<\/p>\n<p class=\"ListParagraph tm39\"><strong><span class=\"tm40\">f) <\/span><\/strong>Solicitar la portabilidad de sus datos en los casos previstos en la normativa<\/p>\n<p class=\"ListParagraph tm39\"><strong><span class=\"tm40\">g) <\/span><\/strong>Impedir ser objeto de decisiones automatizadas<\/p>\n<p class=\"ListParagraph tm39\"><strong><span class=\"tm40\">h) <\/span><\/strong>Revocar los consentimientos otorgados<\/p>\n<p class=\"clausulascliente tm34\"><span class=\"tm25\">El usuario para ejercer sus derechos, deber\u00e1 enviar un escrito en el que indique el derecho que desea ejercitar y acompa\u00f1ar documento acreditativo de su identidad y direcci\u00f3n postal o electr\u00f3nica a efectos de notificaci\u00f3n. Esta solicitud puede realizarla, bien mediante correo postal a: <\/span><span class=\"tm25\">REYES PROPERTY, S.L. Avenida Virgen De Guadalupe, 21, 38679 &#8211; La Caleta (adeje) (santa Cruz De Tenerife), o bien en la siguiente direcci\u00f3n de correo-e: info@reyesr.es<\/span><span class=\"tm25\">.<\/span><\/p>\n<p class=\"clausulascliente tm34\"><span class=\"tm25\">REYES PROPERTY, S.L. <\/span><span class=\"tm25\">deber\u00e1 contestar la solicitud del ejercicio de derechos en el <\/span><strong><span class=\"tm11\">plazo de un mes<\/span><\/strong><span class=\"tm25\"> a partir de la recepci\u00f3n de la solicitud. Dicho plazo podr\u00e1 prorrogarse otros dos meses en caso necesario, teniendo en cuenta la complejidad y el n\u00famero de solicitudes. Le informaremos de cualquier pr\u00f3rroga en el plazo de un mes a partir de la recepci\u00f3n de la solicitud indicando los motivos de la dilaci\u00f3n. <\/span><\/p>\n<p class=\"Normal tm44\"><span class=\"tm13\">Asimismo, los interesados tienen derecho a reclamar ante la Autoridad de Control competente (Agencia Espa\u00f1ola de Protecci\u00f3n de Datos) cuando consideren que <\/span><span class=\"tm13\">REYES PROPERTY, S.L.<\/span> <span class=\"tm13\">ha vulnerado los derechos que la normativa de protecci\u00f3n de datos les reconoce en <\/span><u><a href=\"http:\/\/www.aepd.es\"><span class=\"tm13\">www.aepd.es<\/span><\/a><\/u><\/p>\n<p class=\"Normal tm44\"><strong><span class=\"tm45\">\u00a0<\/span><\/strong><\/p>\n<h3 class=\"tm35\"><strong><span class=\"tm13\">8. \u00bfEST\u00c1N SEGUROS MIS DATOS?<\/span><\/strong><\/h3>\n<p class=\"clausulascliente tm34\"><span class=\"tm25\">REYES PROPERTY, S.L.<\/span> <span class=\"tm25\">tiene vigente un contrato con la empresa de Hosting <strong>Combell Network <\/strong><\/span><span class=\"tm25\">para el alojamiento de su p\u00e1gina web. Es una empresa europea y dispone de los \u00faltimos sistemas en medidas de seguridad. <\/span><\/p>\n<p class=\"Textbody tm38\"><span class=\"tm13\">REYES PROPERTY, S.L. <\/span><span class=\"tm13\">garantiza la adopci\u00f3n de las medidas oportunas para asegurar el tratamiento confidencial de sus datos habida cuenta del car\u00e1cter reservado de los mismos. <\/span><\/p>\n<p class=\"Textbody tm38\"><span class=\"tm13\">REYES PROPERTY, S.L. <\/span><span class=\"tm13\">se compromete a que dichos datos permanezcan secretos, trat\u00e1ndolos con la m\u00e1xima reserva, y declara tener implantadas en su sistema de informaci\u00f3n, las pol\u00edticas de seguridad correspondientes al tipo de datos manejados conforme a lo dispuesto en el REGLAMENTO (UE) 2016\/679 DEL PARLAMENTO EUROPEO Y DEL CONSEJO de 27 de abril de 2016 relativo a la protecci\u00f3n de las personas f\u00edsicas en lo que respecta al tratamiento de datos personales y a la libre circulaci\u00f3n de estos datos (RGPD).<\/span><\/p>\n<p class=\"Textbody tm38\"><span class=\"tm13\">Todos los datos facilitados a trav\u00e9s de nuestra plataforma se realiza mediante un protocolo seguro. Nuestra <\/span><span class=\"tm13\">web posee un certificado SSL que permite que cuando alg\u00fan usuario visita nuestra web e intercambia informaci\u00f3n con nosotros se establece una conexi\u00f3n cifrada.<\/span><\/p>\n<p>&nbsp;<\/p>\n<h3 class=\"tm35\"><strong><span class=\"tm13\">9. ENLACES A OTROS SITIOS WEB<\/span><\/strong><\/h3>\n<p class=\"clausulascliente tm34\"><span class=\"tm25\">Si opta por abandonar nuestro sitio Web a trav\u00e9s de enlaces a otros sitios Web no pertenecientes a nuestra entidad, REYES PROPERTY, S.L.<\/span> <span class=\"tm25\">no se har\u00e1 responsable de las pol\u00edticas de privacidad de dichos sitios Web ni de las cookies que estos puedan almacenar en el ordenador del usuario.<\/span><\/p>\n<p class=\"clausulascliente tm34\"><strong><span class=\"tm11\">Versi\u00f3n: 1.0<\/span><\/strong><\/p>\n<p class=\"clausulascliente tm34\"><strong><span class=\"tm11\">Fecha: 10\/04\/19<\/span><\/strong><\/p>\n<p>[\/vc_column_text][\/vc_column][\/vc_row][vc_row full_width=\u00bbstretch_row_content_no_spaces\u00bb css=\u00bb.vc_custom_1759400608689{margin-top: 0px !important;margin-bottom: 0px !important;background-color: #FFFFFF00 !important;}\u00bb][vc_column][vc_empty_space height=\u00bb50px\u00bb][\/vc_column][\/vc_row]<\/p>\n<\/div>","protected":false},"excerpt":{"rendered":"<p>[vc_row content_placement=\u00bbtop\u00bb][vc_column][vc_column_text css=\u00bb\u00bb]INFORMACI\u00d3N B\u00c1SICA DE PROTECCI\u00d3N DE DATOS \u00a0 &nbsp; Responsable REYES PROPERTY, S.L. + info Finalidad Atender las solicitudes&#8230;<\/p>\n","protected":false},"author":1,"featured_media":8467,"parent":0,"menu_order":0,"comment_status":"closed","ping_status":"closed","template":"","meta":{"_acf_changed":false,"footnotes":""},"class_list":["post-8893","page","type-page","status-publish","has-post-thumbnail"],"acf":[],"_links":{"self":[{"href":"https:\/\/reyesproperty.es\/es\/wp-json\/wp\/v2\/pages\/8893","targetHints":{"allow":["GET"]}}],"collection":[{"href":"https:\/\/reyesproperty.es\/es\/wp-json\/wp\/v2\/pages"}],"about":[{"href":"https:\/\/reyesproperty.es\/es\/wp-json\/wp\/v2\/types\/page"}],"author":[{"embeddable":true,"href":"https:\/\/reyesproperty.es\/es\/wp-json\/wp\/v2\/users\/1"}],"replies":[{"embeddable":true,"href":"https:\/\/reyesproperty.es\/es\/wp-json\/wp\/v2\/comments?post=8893"}],"version-history":[{"count":2,"href":"https:\/\/reyesproperty.es\/es\/wp-json\/wp\/v2\/pages\/8893\/revisions"}],"predecessor-version":[{"id":8896,"href":"https:\/\/reyesproperty.es\/es\/wp-json\/wp\/v2\/pages\/8893\/revisions\/8896"}],"wp:featuredmedia":[{"embeddable":true,"href":"https:\/\/reyesproperty.es\/es\/wp-json\/wp\/v2\/media\/8467"}],"wp:attachment":[{"href":"https:\/\/reyesproperty.es\/es\/wp-json\/wp\/v2\/media?parent=8893"}],"curies":[{"name":"wp","href":"https:\/\/api.w.org\/{rel}","templated":true}]}}