{"id":8903,"date":"2025-10-09T11:49:27","date_gmt":"2025-10-09T11:49:27","guid":{"rendered":"https:\/\/reyesproperty.es\/legal-advice\/"},"modified":"2025-10-27T12:28:28","modified_gmt":"2025-10-27T12:28:28","slug":"legal-advice","status":"publish","type":"page","link":"https:\/\/reyesproperty.es\/es\/legal-advice\/","title":{"rendered":"Aviso Legal"},"content":{"rendered":"<div class=\"wpb-content-wrapper\"><p>[vc_row content_placement=\u00bbtop\u00bb][vc_column]<div class=\"clearboth\"><\/div><style>#thegem-divider-69e2fdc8053e2 {margin-top: 100px !important;}<\/style><div id=\"thegem-divider-69e2fdc8053e2\" class=\"gem-divider  \" style=\"\" ><\/div>[vc_column_text css=\u00bb\u00bb]<\/p>\n<h3 class=\"Normal tm5\"><strong><span class=\"tm6\">1. Objeto y aceptaci\u00f3n<\/span><\/strong><\/h3>\n<p class=\"Normal tm5\"><span class=\"tm7\">El presente aviso legal regula el uso del sitio Web: www.reyesproperty.es<\/span><\/p>\n<p class=\"Normal tm5\"><span class=\"tm7\">El sitio web www.reyesproperty.es presta servicios cuyo objetivo primordial es permitir el contacto entre los usuarios y la empresa, bien para ponerse en contacto con nosotros o para pedir presupuestos.<\/span><\/p>\n<p class=\"Normal tm5\"><span class=\"tm7\">La navegaci\u00f3n por la p\u00e1gina www.reyesproperty.es atribuye la condici\u00f3n de usuario de la misma e implica la aceptaci\u00f3n plena y sin reservas de todas y cada una de las disposiciones incluidas en este Aviso Legal, que pueden sufrir modificaciones.<\/span><\/p>\n<p class=\"Normal tm5\"><span class=\"tm7\">El usuario se obliga a hacer un uso correcto del sitio Web de conformidad con las leyes, la buena fe, el orden p\u00fablico, los usos del tr\u00e1fico y el presente Aviso Legal. El Usuario responder\u00e1 frente a\u00a0REYES PROPERTY, S.L.\u00a0y frente a terceros, de los da\u00f1os y perjuicios que pudieran causarse como consecuencia del incumplimiento de dicha obligaci\u00f3n.<\/span><\/p>\n<p>&nbsp;<\/p>\n<h3 class=\"Normal tm6\"><strong><span class=\"tm7\">2. Titularidad de la web e identificaci\u00f3n del Prestador de Servicios de la Sociedad de la Informaci\u00f3n<\/span><\/strong><\/h3>\n<p class=\"Normal tm6\"><span class=\"tm8\">Con la finalidad de dar cumplimiento al principio de Informaci\u00f3n general exigido por el Art\u00edculo 10 de la Ley 34\/2002, de 11 de julio, de servicios de la sociedad de la informaci\u00f3n y de comercio electr\u00f3nico\u00a0 informamos a nuestros usuarios que el presente sitio web pertenece a\u00a0 REYES PROPERTY, S.L. con cif B76651785, inscrita en el Registro Mercantil de Tenerife en la hoja TF-54437, Folio 218 del tomo 3.354 de la Secci\u00f3n General.<\/span><\/p>\n<p>&nbsp;<\/p>\n<table class=\"tm10 tm11\" border=\"0\" rules=\"all\">\n<tbody class=\"tm12\">\n<tr>\n<td class=\"tm13 tm14 tm15\" colspan=\"3\">\n<p class=\"clausulascliente tm16\">Direcci\u00f3n:<\/p>\n<\/td>\n<td class=\"tm13 tm18 tm19\">\n<p class=\"clausulascliente tm20\">\n<\/td>\n<td class=\"tm13 tm14 tm21\" colspan=\"3\">\n<p class=\"clausulascliente tm20\"><span class=\"tm22\">Avenida Virgen De Guadalupe, 21, 38679 &#8211; La Caleta (adeje) (santa Cruz De Tenerife)<\/span><\/p>\n<\/td>\n<\/tr>\n<tr>\n<td class=\"tm13 tm14 tm15\" colspan=\"3\">\n<p class=\"clausulascliente tm16\">Correo-e:<\/p>\n<\/td>\n<td class=\"tm13 tm18 tm19\">\n<p class=\"clausulascliente tm16\">\n<\/td>\n<td class=\"tm13 tm14 tm21\" colspan=\"3\">\n<p class=\"clausulascliente tm16\"><span class=\"tm22\">\u00a0 info@reyesr.es<\/span><\/p>\n<\/td>\n<\/tr>\n<tr>\n<td class=\"tm13 tm14 tm15\" colspan=\"3\">\n<p class=\"clausulascliente tm16\">Tel\u00e9fono:<\/p>\n<\/td>\n<td class=\"tm13 tm18 tm19\">\n<p class=\"clausulascliente tm16\">\n<\/td>\n<td class=\"tm13 tm14 tm21\" colspan=\"3\">\n<p class=\"clausulascliente tm16\">\u00a0 <span class=\"tm22\">626530649<\/span><\/p>\n<\/td>\n<\/tr>\n<tr>\n<td class=\"tm13 tm14 tm15\" colspan=\"3\">\n<p class=\"clausulascliente tm16\">Web alojada por:<\/p>\n<\/td>\n<td class=\"tm13 tm18 tm19\">\n<p class=\"clausulascliente tm16\">\n<\/td>\n<td class=\"tm13 tm14 tm21\" colspan=\"3\">\n<p class=\"clausulascliente tm16\">\u00a0 Combell Network<\/p>\n<\/td>\n<\/tr>\n<\/tbody>\n<\/table>\n<p>&nbsp;<\/p>\n<h3 class=\"Normal tm5\"><strong><span class=\"tm6\">3. Condiciones generales de acceso y utilizaci\u00f3n<\/span><\/strong><\/h3>\n<p class=\"Normal tm5\"><span class=\"tm7\">El sitio Web y sus servicios son de acceso libre y gratuito, si bien la utilizaci\u00f3n de determinadas \u00e1reas o servicios est\u00e1 condicionada a cumplimentar formularios de recogida de datos. S\u00f3lo los mayores de 18 a\u00f1os podr\u00e1n facilitar datos a trav\u00e9s de nuestra web, y los menores de 16 a\u00f1os no pueden facilitarlos sin el consentimiento de los padres o tutores.<\/span><\/p>\n<p class=\"Normal tm5\"><span class=\"tm7\">El Usuario garantiza la autenticidad y actualidad de todos aquellos datos que comunique a\u00a0REYES PROPERTY, S.L.\u00a0y ser\u00e1 el \u00fanico responsable de las manifestaciones falsas o inexactas que realice.<\/span><\/p>\n<p class=\"Normal tm5\"><span class=\"tm7\">www.reyesproperty.es\u00a0tiene los siguientes tipos de usuarios:<\/span><\/p>\n<p class=\"Normal tm5\"><span class=\"tm7\">Usuarios que aportan datos en cualquiera de los formularios disponibles:\u00a0Los datos personales que REYES PROPERTY, S.L. solicita incluye el nombre y direcci\u00f3n electr\u00f3nica y los proporcionados por el propio usuario al rellenar los formularios.<\/span><\/p>\n<p class=\"Normal tm5\"><span class=\"tm7\">Usuarios que no han contactado con REYES PROPERTY, S.L. pero de los que se recogen datos:\u00a0Datos proporcionados por las cookies<\/span><\/p>\n<p>&nbsp;<\/p>\n<h3 class=\"Normal tm5\"><strong><span class=\"tm6\">3.1. Reglas y prohibiciones de uso para usuarios de nuestros servicios<\/span><\/strong><\/h3>\n<p class=\"Normal tm5\"><span class=\"tm7\">El Usuario se compromete expresamente a hacer un uso adecuado de los contenidos y servicios ofrecidos y a no emplearlos para:<\/span><\/p>\n<ul>\n<li class=\"Normal tm8\"><span class=\"tm7\">Difundir contenidos delictivos, violentos, pornogr\u00e1ficos, racistas, xen\u00f3fobo, ofensivos, de apolog\u00eda del terrorismo o, en general, contrarios a la ley o al orden p\u00fablico.<\/span><\/li>\n<li class=\"Normal tm8\"><span class=\"tm7\">Introducir en la red virus inform\u00e1ticos o realizar actuaciones susceptibles de alterar, estropear, interrumpir o generar errores o da\u00f1os en los documentos electr\u00f3nicos, datos o sistemas f\u00edsicos y l\u00f3gicos de\u00a0REYES PROPERTY, S.L.\u00a0o de terceras personas; as\u00ed como obstaculizar el acceso de otros Usuarios al sitio Web y a sus servicios.<\/span><\/li>\n<li class=\"Normal tm8\"><span class=\"tm7\">Intentar acceder a \u00e1reas restringidas de los sistemas inform\u00e1ticos de\u00a0REYES PROPERTY, S.L.\u00a0o de terceros y, en su caso, extraer informaci\u00f3n.<\/span><\/li>\n<li class=\"Normal tm8\"><span class=\"tm7\">Vulnerar los derechos de propiedad intelectual o industrial, as\u00ed como violar la confidencialidad de la informaci\u00f3n de\u00a0REYES PROPERTY, S.L.\u00a0o de terceros.<\/span><\/li>\n<li class=\"Normal tm5\"><span class=\"tm6\">Suplantar la identidad de otro Usuario, de las administraciones p\u00fablicas o de un tercero.<\/span><\/li>\n<li class=\"Normal tm5\"><span class=\"tm6\">Reproducir, copiar, distribuir, poner a disposici\u00f3n o de cualquier otra forma comunicar p\u00fablicamente, transformar o modificar los Contenidos, a menos que se cuente con la autorizaci\u00f3n del titular de los correspondientes derechos o ello resulte legalmente permitido<\/span><\/li>\n<li class=\"Normal tm5\"><span class=\"tm6\">Recabar datos con finalidad publicitaria y de remitir publicidad de cualquier clase y comunicaciones con fines de venta u otras de naturaleza comercial sin que medie su previa solicitud o consentimiento.<\/span><\/li>\n<\/ul>\n<p>&nbsp;<\/p>\n<h3 class=\"Normal tm5\"><strong><span class=\"tm6\">3.2. Procedimiento en caso de realizaci\u00f3n de actividades de car\u00e1cter il\u00edcito<\/span><\/strong><\/h3>\n<p class=\"Normal tm5\"><span class=\"tm7\">En el caso de que cualquier usuario o un tercero considere que existen hechos o circunstancias que revelen el car\u00e1cter il\u00edcito de la utilizaci\u00f3n de cualquier contenido y\/o de la realizaci\u00f3n de cualquier actividad en las p\u00e1ginas Web incluidas o accesibles a trav\u00e9s del sitio Web, deber\u00e1 enviar una notificaci\u00f3n a\u00a0REYES PROPERTY, S.L.\u00a0identific\u00e1ndose debidamente, especificando las supuestas infracciones y declarando expresamente y bajo su responsabilidad que la informaci\u00f3n proporcionada en la notificaci\u00f3n es exacta.<\/span><\/p>\n<p>&nbsp;<\/p>\n<h3 class=\"Normal tm5\"><strong><span class=\"tm6\">4. Pol\u00edtica de privacidad<\/span><\/strong><\/h3>\n<p class=\"Normal tm5\"><span class=\"tm7\">El usuario puede consultar c\u00f3mo REYES PROPERTY, S.L. utiliza sus datos y las medidas de seguridad implantadas en el siguiente enlace:\u00a0\u00abpol\u00edtica de privacidad\u00bb<\/span><\/p>\n<p>&nbsp;<\/p>\n<h3 class=\"Normal tm5\"><strong><span class=\"tm6\">5. Pol\u00edtica de cookies<\/span><\/strong><\/h3>\n<p class=\"Normal tm5\"><span class=\"tm7\">REYES PROPERTY, S.L. instala cookies en el ordenador del usuario. Para conocer m\u00e1s las cookies de nuestro sitio web acuda al siguiente enlace:\u00a0\u00abpol\u00edtica de cookies\u00bb<\/span><\/p>\n<p>&nbsp;<\/p>\n<h3 class=\"Normal tm5\"><strong><span class=\"tm6\">6. Notificaciones<\/span><\/strong><\/h3>\n<p class=\"Normal tm5\"><span class=\"tm7\">Todas las notificaciones y comunicaciones entre los usuarios y\u00a0REYES PROPERTY, S.L.\u00a0 se considerar\u00e1n eficaces, a todos los efectos, cuando se realicen a trav\u00e9s de correo postal o correo electr\u00f3nico o comunicaci\u00f3n telef\u00f3nica. Los usuarios deber\u00e1n dirigirse a\u00a0REYES PROPERTY, S.L.\u00a0mediante:<\/span><\/p>\n<ul>\n<li class=\"Normal tm8\"><span class=\"tm7\">Env\u00edo por correo postal a la siguiente direcci\u00f3n:\u00a0REYES PROPERTY, S.L.\u00a0\u2013 Avenida Virgen De Guadalupe, 21, 38679 &#8211; La Caleta (adeje) (santa Cruz De Tenerife).<\/span><\/li>\n<li class=\"Normal tm8\"><span class=\"tm7\">Env\u00edo por correo electr\u00f3nico a la siguiente direcci\u00f3n: info@reyesr.es<\/span><\/li>\n<\/ul>\n<p>&nbsp;<\/p>\n<h3 class=\"Normal tm5\"><strong><span class=\"tm6\">7. Propiedad Industrial y propiedad intelectual<\/span><\/strong><\/h3>\n<p class=\"Normal tm5\"><span class=\"tm7\">Todos los contenidos del sitio Web, como textos, fotograf\u00edas, gr\u00e1ficos, im\u00e1genes, iconos, tecnolog\u00eda, software, as\u00ed como su dise\u00f1o gr\u00e1fico y c\u00f3digos fuente, constituyen una obra cuya propiedad pertenece a\u00a0REYES PROPERTY, S.L., sin que puedan entenderse cedidos al Usuario ninguno de los derechos de explotaci\u00f3n sobre los mismos m\u00e1s all\u00e1 de lo estrictamente necesario para el correcto uso de la Web.<\/span><\/p>\n<p class=\"Normal tm5\"><span class=\"tm7\">En definitiva, los usuarios que accedan a este sitio Web pueden visualizar los contenidos y efectuar, en su caso, copias privadas autorizadas siempre que los elementos reproducidos no sean cedidos posteriormente a terceros, ni se instalen a servidores conectados a redes, ni sean objeto de ning\u00fan tipo de explotaci\u00f3n y \u00fanica y exclusivamente mientras se encuentre en vigor el servicio.<\/span><\/p>\n<p class=\"Normal tm5\"><span class=\"tm7\">Asimismo, todas las marcas, nombres comerciales o signos distintivos de cualquier clase que aparecen en el sitio Web son propiedad de\u00a0REYES PROPERTY, S.L., sin que pueda entenderse que el uso o acceso al mismo atribuya al Usuario derecho alguno sobre los mismos.<\/span><\/p>\n<p class=\"Normal tm5\"><span class=\"tm6\">Quedan prohibidas la distribuci\u00f3n, modificaci\u00f3n, cesi\u00f3n o comunicaci\u00f3n p\u00fablica de los contenidos y cualquier otro acto que no haya sido expresamente autorizado por\u00a0REYES PROPERTY, S.L.\u00a0En caso de incumplimiento\u00a0REYES PROPERTY, S.L.\u00a0proceder\u00e1 a adoptar las medidas legales oportunas.<\/span><\/p>\n<p>&nbsp;<\/p>\n<h3><strong><span class=\"tm7\">8. Exenci\u00f3n de responsabilidad y modificaci\u00f3n del presente aviso legal<\/span><\/strong><\/h3>\n<p class=\"Normal tm6\"><span class=\"tm8\">La informaci\u00f3n que se difunde en esta web se hace \u00fanica y exclusivamente a t\u00edtulo informativo, reserv\u00e1ndose\u00a0REYES PROPERTY, S.L.\u00a0el derecho de eliminar o suspender su difusi\u00f3n, total o parcialmente, y a modificar la estructura y contenido de este sitio Web sin aviso previo, pudiendo incluso limitar o no permitir el acceso a dicha informaci\u00f3n.\u00a0REYES PROPERTY, S.L.intenta\u00a0 mantener la calidad y actualizaci\u00f3n de esta informaci\u00f3n y evitar y minimizar posibles errores pero\u00a0REYES PROPERTY, S.L.\u00a0no responder\u00e1 de los da\u00f1os o perjuicios causados por decisiones tomadas en base a la informaci\u00f3n difundida; ni de inexactitudes, omisiones o errores contenidos en el mismo, ni de los problemas que se originen por el uso de este sitio Web u otro de conexi\u00f3n externa; ni de los da\u00f1os y\/o perjuicios en el software o hardware del usuario que se deriven del acceso a este sitio Web.<\/span><\/p>\n<p class=\"Normal tm6\"><span class=\"tm8\">Los Usuarios aceptan expresamente que\u00a0REYES PROPERTY, S.L.\u00a0\u00a0no ser\u00e1 responsable del acceso no autorizado o alteraci\u00f3n de sus transmisiones o datos, de cualquier material o datos enviados o recibidos o no enviados o recibidos, ni de ninguna transacci\u00f3n realizada a trav\u00e9s de su web.<\/span><\/p>\n<p class=\"Normal tm6\"><span class=\"tm8\">REYES PROPERTY, S.L.\u00a0se reserva el derecho a modificar el presente aviso legal unilateralmente y sin preaviso\u00a0 en los t\u00e9rminos y condiciones que estime conveniente con la \u00fanica obligaci\u00f3n de informar al usuario de las modificaciones efectuadas a trav\u00e9s de\u00a0<\/span><a href=\"http:\/\/www.aixacorpore.es\/\"><span class=\"tm8\">www.reyesproperty.es<\/span><\/a><\/p>\n<p>&nbsp;<\/p>\n<h3 class=\"Normal tm6\"><strong><span class=\"tm7\">9. Nulidad parcial<\/span><\/strong><\/h3>\n<p class=\"Normal tm6\"><span class=\"tm8\">Si alguna de las presentes cl\u00e1usulas fuese declarada nula y sin efecto por resoluci\u00f3n firme dictada por autoridad competente, los restantes t\u00e9rminos y condiciones permanecer\u00e1n en vigor, sin que queden afectados por dicha declaraci\u00f3n de nulidad.<\/span><\/p>\n<p>&nbsp;<\/p>\n<h3 class=\"Normal tm6\"><strong><span class=\"tm7\">10. Ley aplicable y tribunales competentes<\/span><\/strong><\/h3>\n<p class=\"Normal tm6\"><span class=\"tm8\">El presente sitio web queda sometido a lo establecido por la legislaci\u00f3n espa\u00f1ola y normativa europea que resulte de aplicaci\u00f3n<\/span><\/p>\n<p class=\"Normal tm6\"><span class=\"tm8\">Cualquier controversia que surja o guarde relaci\u00f3n con el uso de la p\u00e1gina web o con dichos productos ser\u00e1 sometida a la\u00a0jurisdicci\u00f3n no exclusiva\u00a0de los juzgados y tribunales espa\u00f1oles de la provincia de S\/C de Tenerife.<\/span><\/p>\n<p class=\"Normal tm6\"><span class=\"tm8\">Si se trata de un consumidor final nada en la presente cl\u00e1usula afectar\u00e1 a los derechos que como tal le reconoce la legislaci\u00f3n vigente, pudiendo elegir presentar una reclamaci\u00f3n para hacer valer sus derechos en relaci\u00f3n con las presentes Condiciones ante el Juez o Tribunales que correspondan a su domicilio.<\/span><\/p>\n<p class=\"clausulascliente tm9\"><strong><span class=\"tm10\">Versi\u00f3n: 1.0<\/span><\/strong><\/p>\n<p class=\"clausulascliente tm9\"><strong><span class=\"tm10\">Fecha: 10\/04\/19<\/span><\/strong><\/p>\n<p>[\/vc_column_text][\/vc_column][\/vc_row][vc_row full_width=\u00bbstretch_row_content_no_spaces\u00bb css=\u00bb.vc_custom_1759400608689{margin-top: 0px !important;margin-bottom: 0px !important;background-color: #FFFFFF00 !important;}\u00bb][vc_column][vc_empty_space height=\u00bb50px\u00bb][\/vc_column][\/vc_row]<\/p>\n<\/div>","protected":false},"excerpt":{"rendered":"<p>[vc_row content_placement=\u00bbtop\u00bb][vc_column][vc_column_text css=\u00bb\u00bb] 1. Objeto y aceptaci\u00f3n El presente aviso legal regula el uso del sitio Web: www.reyesproperty.es El sitio&#8230;<\/p>\n","protected":false},"author":1,"featured_media":8467,"parent":0,"menu_order":0,"comment_status":"closed","ping_status":"closed","template":"","meta":{"_acf_changed":false,"footnotes":""},"class_list":["post-8903","page","type-page","status-publish","has-post-thumbnail"],"acf":[],"_links":{"self":[{"href":"https:\/\/reyesproperty.es\/es\/wp-json\/wp\/v2\/pages\/8903","targetHints":{"allow":["GET"]}}],"collection":[{"href":"https:\/\/reyesproperty.es\/es\/wp-json\/wp\/v2\/pages"}],"about":[{"href":"https:\/\/reyesproperty.es\/es\/wp-json\/wp\/v2\/types\/page"}],"author":[{"embeddable":true,"href":"https:\/\/reyesproperty.es\/es\/wp-json\/wp\/v2\/users\/1"}],"replies":[{"embeddable":true,"href":"https:\/\/reyesproperty.es\/es\/wp-json\/wp\/v2\/comments?post=8903"}],"version-history":[{"count":5,"href":"https:\/\/reyesproperty.es\/es\/wp-json\/wp\/v2\/pages\/8903\/revisions"}],"predecessor-version":[{"id":9818,"href":"https:\/\/reyesproperty.es\/es\/wp-json\/wp\/v2\/pages\/8903\/revisions\/9818"}],"wp:featuredmedia":[{"embeddable":true,"href":"https:\/\/reyesproperty.es\/es\/wp-json\/wp\/v2\/media\/8467"}],"wp:attachment":[{"href":"https:\/\/reyesproperty.es\/es\/wp-json\/wp\/v2\/media?parent=8903"}],"curies":[{"name":"wp","href":"https:\/\/api.w.org\/{rel}","templated":true}]}}